{"id":7,"date":"2016-05-17T17:44:58","date_gmt":"2016-05-17T16:44:58","guid":{"rendered":"https:\/\/www.abbfretexpress.fr\/?page_id=7"},"modified":"2022-04-21T13:43:15","modified_gmt":"2022-04-21T12:43:15","slug":"demenageur","status":"publish","type":"page","link":"https:\/\/www.abbfretexpress.fr\/","title":{"rendered":"Demenageur"},"content":{"rendered":"<p>Alexandre Brunel Blois vous propose ses services de Fret depuis 2016.<\/p>\n<p>De nombreuses offres de services <strong>d\u00e9m\u00e9nageur<\/strong> proposent aujourd&rsquo;hui un \u00e9tablissement de devis gratuit pour vous aider \u00e0 prendre la meilleure d\u00e9cision dans le choix d&rsquo;une <a href=\"https:\/\/demenageur.com\/devis-demenagement\/\"><strong>entreprise de d\u00e9m\u00e9nagement<\/strong><\/a> et avant de passer ainsi \u00e0 tout accord.<\/p>\n<p><img loading=\"lazy\" decoding=\"async\" class=\"wp-image-13 aligncenter\" src=\"https:\/\/www.abbfretexpress.fr\/wp-content\/uploads\/2016\/05\/Abb-Fret-300x158.png\" alt=\"Abb Fret\" width=\"406\" height=\"214\" srcset=\"https:\/\/www.abbfretexpress.fr\/wp-content\/uploads\/2016\/05\/Abb-Fret-300x158.png 300w, https:\/\/www.abbfretexpress.fr\/wp-content\/uploads\/2016\/05\/Abb-Fret.png 492w\" sizes=\"auto, (max-width: 406px) 100vw, 406px\" \/><\/p>\n<p>Cela se passe d\u00e8s l&rsquo;acc\u00e8s \u00e0 leur site et s&rsquo;effectue<br \/>\nen quelques clics. Il n&rsquo;y a pas lieu de se d\u00e9placer ou de faire le tour de toutes les agences pour d\u00e9goter la meilleure offre. Vous pouvez d\u00e9sormais le faire depuis votre domicile en gagnant en plus, en temps et en argent. Pour votre prochain <strong>d\u00e9m\u00e9nagement<\/strong>, confiez-vous \u00e0 des professionnels qui assureront le transport de vos biens dans des conditions optimales et conform\u00e9ment \u00e0 vos besoins.<\/p>\n<h2>Pourquoi est-il important de faire appel aux services de d\u00e9m\u00e9nagement ?<\/h2>\n<p>Beaucoup de personnes choisissent de faire leur <strong>d\u00e9m\u00e9nagement<\/strong> par leurs soins pour des raisons \u00e9conomiques, ou tout simplement parce qu&rsquo;ils pensent avoir suffisamment de moyens pour <strong>d\u00e9m\u00e9nager<\/strong> seuls. Certains consid\u00e8rent \u00e9galement qu&rsquo;avec une petite quantit\u00e9 de <strong>carton de d\u00e9m\u00e9nagement<\/strong>, il ne n\u00e9cessite pas d&rsquo;utiliser les grands moyens et que seule l&rsquo;aide de quelques amis et des membres de la famille serait la bienvenue. C&rsquo;est en effet tr\u00e8s astucieux. Mais il faut savoir que l&rsquo;offre d&rsquo;un sp\u00e9cialiste procure encore plus d&rsquo;avantages. D&rsquo;abord, parce qu&rsquo;elle vous simplifie la t\u00e2che. Et ensuite, parce que c&rsquo;est plus s\u00e9curitaire. Il faut en effet, transporter vos affaires avec le plus grand soin. Et bien qu&rsquo;il s&rsquo;agisse de vos biens personnels, vous n&rsquo;\u00eates pas toujours pr\u00e9venu des risques qu&rsquo;ils peuvent encourir lors de leur d\u00e9placement. Par contre, les professionnels sont plus exp\u00e9riment\u00e9s en la mati\u00e8re et vous garantissent un panel de prestations de qualit\u00e9 \u00e0 prix comp\u00e9titif. C&rsquo;est aussi une autre mani\u00e8re de faire des \u00e9conomies et <strong>d\u00e9m\u00e9nager<\/strong> sereinement sans avoir \u00e0 tout organiser.<\/p>\n<h2>Dans quels cas est-il essentiel de solliciter l&rsquo;aide des d\u00e9m\u00e9nageurs ?<\/h2>\n<p>Outre les avantages sus-mentionn\u00e9s, faire appel \u00e0 une <strong>entreprise de d\u00e9m\u00e9nagement<\/strong>\u00a0s&rsquo;av\u00e8re indispensable dans certaines situations. Un changement de domicile occasionne un grand nombre de proc\u00e9dures qu&rsquo;il faut entreprendre dans le plus bref d\u00e9lai, \u00e0 savoir l&rsquo;acquisition d&rsquo;une autorisation de stationnement aupr\u00e8s de la pr\u00e9fecture et les documents douaniers lors d&rsquo;un transfert \u00e0 l&rsquo;international. Un <strong>d\u00e9m\u00e9nageur<\/strong> peut-\u00eatre appel\u00e9 \u00e0 effectuer toutes ces d\u00e9marches \u00e0 votre place tout en veillant \u00e0 minimiser votre budget et vos d\u00e9placements. Et puisqu&rsquo;il vous faut effectuer plusieurs autres formalit\u00e9s et op\u00e9rations li\u00e9es \u00e0 votre <strong>d\u00e9m\u00e9nagement<\/strong>, il serait vraiment plus organis\u00e9 de r\u00e9partir les r\u00f4les. Vous n&rsquo;avez pas besoin de d\u00e9bourser une grande somme pour cela, car les services de d\u00e9m\u00e9nagement s&rsquo;efforcent d&rsquo;all\u00e9ger leurs tarifs pour demeurer toujours flexibles dans la satisfaction des besoins de leurs clients. D&rsquo;autre part, un processus de <strong>d\u00e9m\u00e9nagement<\/strong> requiert un v\u00e9ritable professionnalisme \u00e9tant donn\u00e9 qu&rsquo;il s&rsquo;agit d&rsquo;une succession d&rsquo;op\u00e9rations tr\u00e8s d\u00e9licates. D&#8217;embl\u00e9e, une bonne logistique est irr\u00e9vocable pour optimiser la s\u00e9curit\u00e9 des biens. Le chargement et le d\u00e9chargement, l&rsquo;entreposage, la manutention, la fiabilit\u00e9 du moyen de transport ainsi que le d\u00e9placement de certains meubles volumineux et class\u00e9s vuln\u00e9rables doivent remplir toutes les conditions pour un <strong>d\u00e9m\u00e9nagement<\/strong> conforme aux exigences des normes et de la qualit\u00e9. Quant \u00e0 un changement de domicile \u00e0 l&rsquo;\u00e9tranger, la d\u00e9marche est toute autre. Tout comme dans la cas d&rsquo;un d\u00e9logement habituel, vous devez vous rendre en personne sur place pour constater l&rsquo;\u00e9tat des lieux et vous mettre en connaissance de votre nouveau logement. Si vous avez contact\u00e9 un sp\u00e9cialiste pour se charger de votre<strong>d\u00e9m\u00e9nagement<\/strong>, il enverra un technicien pour anticiper toutes les d\u00e9marches qui en temps normal, vous reviennent. Il vous fournira en plus toutes les informations dont vous avez besoin y compris la quantit\u00e9 et le type de biens que vous pouvez emmener avec vous.<\/p>\n<p><img loading=\"lazy\" decoding=\"async\" class=\"alignnone wp-image-14\" src=\"https:\/\/www.abbfretexpress.fr\/wp-content\/uploads\/2016\/05\/Abb-fret-2-300x226.png\" alt=\"Abb fret 2\" width=\"404\" height=\"304\" srcset=\"https:\/\/www.abbfretexpress.fr\/wp-content\/uploads\/2016\/05\/Abb-fret-2-300x226.png 300w, https:\/\/www.abbfretexpress.fr\/wp-content\/uploads\/2016\/05\/Abb-fret-2.png 436w\" sizes=\"auto, (max-width: 404px) 100vw, 404px\" \/><\/p>\n<h2>Quelles sont les diff\u00e9rentes formules pour d\u00e9m\u00e9nager ?<\/h2>\n<p>Puisque d\u00e9placer vos <strong>carton de d\u00e9m\u00e9nagement<\/strong> demandent une implication financi\u00e8re importante et exige entre autres, beaucoup d&rsquo;efforts de votre part, une <strong>entreprise de d\u00e9m\u00e9nagement<\/strong> a express\u00e9ment \u00e9labor\u00e9 leurs offres en ad\u00e9quation avec vos attentes. Tout d\u00e9pend de ce que vous recherchez, il existe s\u00fbrement une solution pour chacun de vos besoins. Habituellement, un <strong>d\u00e9m\u00e9nageur<\/strong> s&rsquo;occupe de charger vos biens, de les transporter puis de les livrer. Mais une autre option sugg\u00e8re une formule plus large en incluant tous \u00e0 la fois, le nettoyage du logement de d\u00e9part, le chargement, le transport, le d\u00e9chargement, la manutention et le montage des meubles. Vous aurez donc le choix entre une offre partielle ou compl\u00e8te. A chacune son prix, vous trouverez votre compte quelques soient vos moyens.<\/p>\n","protected":false},"excerpt":{"rendered":"<p>Alexandre Brunel Blois vous propose ses services de Fret depuis 2016. De nombreuses offres de services d\u00e9m\u00e9nageur proposent aujourd&rsquo;hui un \u00e9tablissement de devis gratuit pour vous aider \u00e0 prendre la meilleure d\u00e9cision dans le choix d&rsquo;une entreprise de d\u00e9m\u00e9nagement et avant de passer ainsi \u00e0 tout accord. Cela se passe d\u00e8s l&rsquo;acc\u00e8s \u00e0 leur site<br \/><a class=\"btn btn-theme post-btn\" href=\"https:\/\/www.abbfretexpress.fr\/\">Read More<\/a><\/p>\n","protected":false},"author":1,"featured_media":0,"parent":0,"menu_order":0,"comment_status":"closed","ping_status":"closed","template":"","meta":{"_seopress_robots_primary_cat":"","_seopress_titles_title":"","_seopress_titles_desc":"","_seopress_robots_index":"","footnotes":""},"class_list":["post-7","page","type-page","status-publish","hentry"],"_links":{"self":[{"href":"https:\/\/www.abbfretexpress.fr\/index.php\/wp-json\/wp\/v2\/pages\/7","targetHints":{"allow":["GET"]}}],"collection":[{"href":"https:\/\/www.abbfretexpress.fr\/index.php\/wp-json\/wp\/v2\/pages"}],"about":[{"href":"https:\/\/www.abbfretexpress.fr\/index.php\/wp-json\/wp\/v2\/types\/page"}],"author":[{"embeddable":true,"href":"https:\/\/www.abbfretexpress.fr\/index.php\/wp-json\/wp\/v2\/users\/1"}],"replies":[{"embeddable":true,"href":"https:\/\/www.abbfretexpress.fr\/index.php\/wp-json\/wp\/v2\/comments?post=7"}],"version-history":[{"count":6,"href":"https:\/\/www.abbfretexpress.fr\/index.php\/wp-json\/wp\/v2\/pages\/7\/revisions"}],"predecessor-version":[{"id":19,"href":"https:\/\/www.abbfretexpress.fr\/index.php\/wp-json\/wp\/v2\/pages\/7\/revisions\/19"}],"wp:attachment":[{"href":"https:\/\/www.abbfretexpress.fr\/index.php\/wp-json\/wp\/v2\/media?parent=7"}],"curies":[{"name":"wp","href":"https:\/\/api.w.org\/{rel}","templated":true}]}}